{"id":1734,"date":"2016-12-07T17:32:19","date_gmt":"2016-12-07T17:32:19","guid":{"rendered":"https:\/\/alesinalaw.com\/contacto\/"},"modified":"2019-12-19T16:05:32","modified_gmt":"2019-12-19T16:05:32","slug":"contacto","status":"publish","type":"page","link":"https:\/\/alesinalaw.com\/ru\/contacto\/","title":{"rendered":"\u041a\u043e\u043d\u0442\u0430\u043a\u0442\u044b"},"content":{"rendered":"<p>[et_pb_section fb_built=&#187;1&#8243; custom_padding_last_edited=&#187;on|desktop&#187; admin_label=&#187;section&#187; _builder_version=&#187;3.22&#8243; background_image=&#187;https:\/\/alesinalaw.com\/wp-content\/uploads\/2016\/12\/titlebarb.jpg&#187; custom_padding=&#187;140px|0px|140px|0px&#187; custom_padding_tablet=&#187;50px|0|50px|0&#8243; transparent_background=&#187;off&#187; padding_mobile=&#187;off&#187; make_fullwidth=&#187;off&#187; use_custom_width=&#187;off&#187; width_unit=&#187;on&#187;][et_pb_row padding_mobile=&#187;off&#187; column_padding_mobile=&#187;on&#187; admin_label=&#187;row&#187; _builder_version=&#187;3.25&#8243; background_size=&#187;initial&#187; background_position=&#187;top_left&#187; background_repeat=&#187;repeat&#187; make_fullwidth=&#187;off&#187; use_custom_width=&#187;off&#187; width_unit=&#187;off&#187; custom_width_px=&#187;1080px&#187; custom_width_percent=&#187;80%&#187;][et_pb_column type=&#187;4_4&#8243; _builder_version=&#187;3.25&#8243; custom_padding=&#187;|||&#187; custom_padding__hover=&#187;|||&#187;][et_pb_text admin_label=&#187;Texto&#187; _builder_version=&#187;3.27.4&#8243; background_size=&#187;initial&#187; background_position=&#187;top_left&#187; background_repeat=&#187;repeat&#187; background_layout=&#187;dark&#187; use_border_color=&#187;off&#187; border_color=&#187;#ffffff&#187; border_style=&#187;solid&#187;]<\/p>\n<h1>\u041a\u043e\u043d\u0442\u0430\u043a\u0442\u044b<\/h1>\n<p>[\/et_pb_text][\/et_pb_column][\/et_pb_row][et_pb_row padding_mobile=&#187;off&#187; column_padding_mobile=&#187;on&#187; admin_label=&#187;Fila&#187; _builder_version=&#187;3.25&#8243; background_size=&#187;initial&#187; background_position=&#187;top_left&#187; background_repeat=&#187;repeat&#187; custom_margin=&#187;||-175px|&#187; make_fullwidth=&#187;off&#187; use_custom_width=&#187;off&#187; width_unit=&#187;on&#187; column_structure=&#187;1_7,1_7,1_7,1_7,1_7,1_7,1_7&#8243;][et_pb_column type=&#187;1_7&#8243; _builder_version=&#187;3.25&#8243; custom_padding=&#187;|||&#187; custom_padding__hover=&#187;|||&#187;][\/et_pb_column][et_pb_column type=&#187;1_7&#8243; _builder_version=&#187;3.25&#8243; custom_padding=&#187;|||&#187; custom_padding__hover=&#187;|||&#187;][\/et_pb_column][et_pb_column type=&#187;1_7&#8243; _builder_version=&#187;3.25&#8243; custom_padding=&#187;|||&#187; custom_padding__hover=&#187;|||&#187;][\/et_pb_column][et_pb_column type=&#187;1_7&#8243; _builder_version=&#187;3.25&#8243; custom_padding=&#187;|||&#187; custom_padding__hover=&#187;|||&#187;][et_pb_code admin_label=&#187;C\u00f3digo&#187;]<a href=\"https:\/\/alesinalaw.com\/ru\/contacto\/#contact\"><i class=\"fa fa-angle-down fa-5x bajar\" aria-hidden=\"true\"><\/i><\/a>[\/et_pb_code][\/et_pb_column][et_pb_column type=&#187;1_7&#8243; _builder_version=&#187;3.25&#8243; custom_padding=&#187;|||&#187; custom_padding__hover=&#187;|||&#187;][\/et_pb_column][et_pb_column type=&#187;1_7&#8243; _builder_version=&#187;3.25&#8243; custom_padding=&#187;|||&#187; custom_padding__hover=&#187;|||&#187;][\/et_pb_column][et_pb_column type=&#187;1_7&#8243; _builder_version=&#187;3.25&#8243; custom_padding=&#187;|||&#187; custom_padding__hover=&#187;|||&#187;][\/et_pb_column][\/et_pb_row][\/et_pb_section][et_pb_section fb_built=&#187;1&#8243; custom_padding_last_edited=&#187;on|desktop&#187; admin_label=&#187;Secci\u00f3n&#187; module_id=&#187;contact&#187; _builder_version=&#187;3.22&#8243; custom_padding_tablet=&#187;50px|0|50px|0&#8243; transparent_background=&#187;off&#187; padding_mobile=&#187;off&#187; make_fullwidth=&#187;off&#187; use_custom_width=&#187;off&#187; width_unit=&#187;off&#187;][et_pb_row padding_mobile=&#187;off&#187; column_padding_mobile=&#187;on&#187; admin_label=&#187;Fila&#187; _builder_version=&#187;3.25&#8243; background_size=&#187;initial&#187; background_position=&#187;top_left&#187; background_repeat=&#187;repeat&#187; make_fullwidth=&#187;off&#187; use_custom_width=&#187;off&#187; width_unit=&#187;off&#187; custom_width_px=&#187;1080px&#187; custom_width_percent=&#187;80%&#187; column_structure=&#187;2_3,1_3&#8243;][et_pb_column type=&#187;2_3&#8243; _builder_version=&#187;3.25&#8243; custom_padding=&#187;|||&#187; custom_padding__hover=&#187;|||&#187;][et_pb_code admin_label=&#187;C\u00f3digo&#187;]<iframe loading=\"lazy\" src=\"https:\/\/www.google.com\/maps\/embed?pb=!1m18!1m12!1m3!1d3205.5237281689524!2d-4.6256358847174!3d36.54148308000271!2m3!1f0!2f0!3f0!3m2!1i1024!2i768!4f13.1!3m3!1m2!1s0x0%3A0xeedb001da38c4e70!2sAlesina+Law!5e0!3m2!1ses!2sus!4v1484740777443\" width=\"600\" height=\"450\" frameborder=\"0\" style=\"border:0\" allowfullscreen><\/iframe>[\/et_pb_code][\/et_pb_column][et_pb_column type=&#187;1_3&#8243; _builder_version=&#187;3.25&#8243; custom_padding=&#187;|||&#187; custom_padding__hover=&#187;|||&#187;][et_pb_text admin_label=&#187;Texto&#187; _builder_version=&#187;3.27.4&#8243; background_size=&#187;initial&#187; background_position=&#187;top_left&#187; background_repeat=&#187;repeat&#187; use_border_color=&#187;off&#187; border_color=&#187;#ffffff&#187; border_style=&#187;solid&#187;]<\/p>\n<h4 style=\"color: #0086c6 !important;\">\u041a\u043e\u043d\u0442\u0430\u043a\u0442\u043d\u0430\u044f \u0438\u043d\u0444\u043e\u0440\u043c\u0430\u0446\u0438\u044f<\/h4>\n<p>[\/et_pb_text][et_pb_text admin_label=&#187;Texto&#187; _builder_version=&#187;3.27.4&#8243; text_line_height=&#187;2.5em&#187; background_size=&#187;initial&#187; background_position=&#187;top_left&#187; background_repeat=&#187;repeat&#187; use_border_color=&#187;off&#187; border_color=&#187;#ffffff&#187; border_style=&#187;solid&#187;]<\/p>\n<p style=\"text-align: justify;\"><i class=\"et-social-icon fa fa-map-marker fa-lg\" style=\"color: #0086c6 !important;\"><\/i> Av. Jes\u00fas Santos Rein, 2, 3D 29640 Fuengirola, M\u00e1laga (Espa\u00f1a)<br \/>\n<i class=\"et-social-icon fa fa-phone fa-lg\" style=\"color: #0086c6 !important;\"><\/i> +34 951506727<br \/>\n<i class=\"et-social-icon fa fa-mobile fa-2x\" style=\"color: #0086c6 !important;\"><\/i> +34 663892038<br \/>\n<i class=\"et-social-icon fa fa-calendar fa-lg\" style=\"color: #0086c6 !important;\"><\/i> info@alesinalaw.com<\/p>\n<p>&nbsp;<br \/>\n[\/et_pb_text][et_pb_button button_url=&#187;https:\/\/alesinalaw.com\/ru\/formes\/#form_rus&#187; url_new_window=&#187;on&#187; button_text=&#187;\u041e\u043d\u043b\u0430\u0439\u043d \u043a\u043e\u043d\u0441\u0443\u043b\u044c\u0442\u0430\u0446\u0438\u044f &#187; button_alignment=&#187;left&#187; admin_label=&#187;Bot\u00f3n&#187; _builder_version=&#187;3.16&#8243; button_letter_spacing_hover=&#187;0&#8243; button_text_size__hover_enabled=&#187;off&#187; button_one_text_size__hover_enabled=&#187;off&#187; button_two_text_size__hover_enabled=&#187;off&#187; button_text_color__hover_enabled=&#187;off&#187; button_one_text_color__hover_enabled=&#187;off&#187; button_two_text_color__hover_enabled=&#187;off&#187; button_border_width__hover_enabled=&#187;off&#187; button_one_border_width__hover_enabled=&#187;off&#187; button_two_border_width__hover_enabled=&#187;off&#187; button_border_color__hover_enabled=&#187;off&#187; button_one_border_color__hover_enabled=&#187;off&#187; button_two_border_color__hover_enabled=&#187;off&#187; button_border_radius__hover_enabled=&#187;off&#187; button_one_border_radius__hover_enabled=&#187;off&#187; button_two_border_radius__hover_enabled=&#187;off&#187; button_letter_spacing__hover_enabled=&#187;on&#187; button_letter_spacing__hover=&#187;0&#8243; button_one_letter_spacing__hover_enabled=&#187;off&#187; button_two_letter_spacing__hover_enabled=&#187;off&#187; button_bg_color__hover_enabled=&#187;off&#187; button_one_bg_color__hover_enabled=&#187;off&#187; button_two_bg_color__hover_enabled=&#187;off&#187;][\/et_pb_button][\/et_pb_column][\/et_pb_row][\/et_pb_section][et_pb_section fb_built=&#187;1&#8243; custom_padding_last_edited=&#187;on|desktop&#187; admin_label=&#187;Secci\u00f3n&#187; module_id=&#187;banner&#187; _builder_version=&#187;3.22&#8243; background_image=&#187;https:\/\/alesinalaw.com\/wp-content\/uploads\/2016\/12\/Alesina_Law_Logo_-FINAL_exp.png&#187; custom_padding=&#187;150px||150px|&#187; custom_padding_tablet=&#187;50px|0|50px|0&#8243; transparent_background=&#187;off&#187; padding_mobile=&#187;off&#187; make_fullwidth=&#187;off&#187; use_custom_width=&#187;off&#187; width_unit=&#187;on&#187;][et_pb_row admin_label=&#187;Fila&#187; _builder_version=&#187;3.25&#8243; background_size=&#187;initial&#187; background_position=&#187;top_left&#187; background_repeat=&#187;repeat&#187;][et_pb_column type=&#187;4_4&#8243; _builder_version=&#187;3.25&#8243; custom_padding=&#187;|||&#187; custom_padding__hover=&#187;|||&#187;][\/et_pb_column][\/et_pb_row][\/et_pb_section]<\/p>\n","protected":false},"excerpt":{"rendered":"<p>\u041a\u043e\u043d\u0442\u0430\u043a\u0442\u044b \u041a\u043e\u043d\u0442\u0430\u043a\u0442\u043d\u0430\u044f \u0438\u043d\u0444\u043e\u0440\u043c\u0430\u0446\u0438\u044f Av. Jes\u00fas Santos Rein, 2, 3D 29640 Fuengirola, M\u00e1laga (Espa\u00f1a) +34 951506727 +34 663892038 info@alesinalaw.com &nbsp;<\/p>\n","protected":false},"author":1,"featured_media":0,"parent":0,"menu_order":0,"comment_status":"closed","ping_status":"closed","template":"","meta":{"_et_pb_use_builder":"on","_et_pb_old_content":"","_et_gb_content_width":"","footnotes":""},"class_list":["post-1734","page","type-page","status-publish","hentry"],"aioseo_notices":[],"_links":{"self":[{"href":"https:\/\/alesinalaw.com\/ru\/wp-json\/wp\/v2\/pages\/1734","targetHints":{"allow":["GET"]}}],"collection":[{"href":"https:\/\/alesinalaw.com\/ru\/wp-json\/wp\/v2\/pages"}],"about":[{"href":"https:\/\/alesinalaw.com\/ru\/wp-json\/wp\/v2\/types\/page"}],"author":[{"embeddable":true,"href":"https:\/\/alesinalaw.com\/ru\/wp-json\/wp\/v2\/users\/1"}],"replies":[{"embeddable":true,"href":"https:\/\/alesinalaw.com\/ru\/wp-json\/wp\/v2\/comments?post=1734"}],"version-history":[{"count":2,"href":"https:\/\/alesinalaw.com\/ru\/wp-json\/wp\/v2\/pages\/1734\/revisions"}],"predecessor-version":[{"id":1816,"href":"https:\/\/alesinalaw.com\/ru\/wp-json\/wp\/v2\/pages\/1734\/revisions\/1816"}],"wp:attachment":[{"href":"https:\/\/alesinalaw.com\/ru\/wp-json\/wp\/v2\/media?parent=1734"}],"curies":[{"name":"wp","href":"https:\/\/api.w.org\/{rel}","templated":true}]}}