{"id":1761,"date":"2016-12-22T12:14:31","date_gmt":"2016-12-22T12:14:31","guid":{"rendered":"https:\/\/alesinalaw.com\/escookies\/"},"modified":"2016-12-22T12:14:31","modified_gmt":"2016-12-22T12:14:31","slug":"escookies","status":"publish","type":"page","link":"https:\/\/alesinalaw.com\/ru\/escookies\/","title":{"rendered":"[:es]cookies"},"content":{"rendered":"<p>[et_pb_section bb_built=&#187;1&#8243; admin_label=&#187;section&#187; background_image=&#187;https:\/\/alesinalaw.com\/wp-content\/uploads\/2016\/12\/titlebar.png&#187; transparent_background=&#187;off&#187; allow_player_pause=&#187;off&#187; inner_shadow=&#187;off&#187; parallax=&#187;off&#187; parallax_method=&#187;off&#187; custom_padding=&#187;140px|0px|0px|0px&#187; padding_mobile=&#187;off&#187; make_fullwidth=&#187;off&#187; use_custom_width=&#187;off&#187; width_unit=&#187;on&#187; make_equal=&#187;off&#187; use_custom_gutter=&#187;off&#187; fullwidth=&#187;off&#187; specialty=&#187;off&#187; disabled=&#187;off&#187; next_background_color=&#187;#ffffff&#187; custom_padding_tablet=&#187;50px|0|50px|0&#8243; custom_padding_last_edited=&#187;on|desktop&#187; global_module=&#187;735&#8243;][et_pb_row admin_label=&#187;row&#187; global_parent=&#187;735&#8243; make_fullwidth=&#187;off&#187; use_custom_width=&#187;off&#187; width_unit=&#187;off&#187; custom_width_px=&#187;1080px&#187; custom_width_percent=&#187;80%&#187; use_custom_gutter=&#187;off&#187; gutter_width=&#187;3&#8243; padding_mobile=&#187;off&#187; allow_player_pause=&#187;off&#187; parallax=&#187;off&#187; parallax_method=&#187;on&#187; make_equal=&#187;off&#187; column_padding_mobile=&#187;on&#187; parallax_1=&#187;off&#187; parallax_method_1=&#187;on&#187; parallax_2=&#187;off&#187; parallax_method_2=&#187;on&#187; parallax_3=&#187;off&#187; parallax_method_3=&#187;on&#187; parallax_4=&#187;off&#187; parallax_method_4=&#187;on&#187; disabled=&#187;off&#187; background_position=&#187;top_left&#187; background_repeat=&#187;repeat&#187; background_size=&#187;initial&#187;][et_pb_column type=&#187;4_4&#8243;][et_pb_text global_parent=&#187;735&#8243; background_layout=&#187;light&#187; text_orientation=&#187;left&#187; text_text_color=&#187;#ffffff&#187; use_border_color=&#187;off&#187; border_color=&#187;#ffffff&#187; border_style=&#187;solid&#187; header_text_color=&#187;#ffffff&#187; custom_padding=&#187;||100px|&#187; background_position=&#187;top_left&#187; background_repeat=&#187;repeat&#187; background_size=&#187;initial&#187;]<\/p>\n<h1>COOKIES<\/h1>\n<p>[\/et_pb_text][\/et_pb_column][\/et_pb_row][\/et_pb_section][et_pb_section bb_built=&#187;1&#8243; admin_label=&#187;section&#187; prev_background_color=&#187;#000000&#8243;][et_pb_row admin_label=&#187;row&#187;][et_pb_column type=&#187;4_4&#8243;][et_pb_text use_border_color=&#187;off&#187; border_color=&#187;#ffffff&#187; border_style=&#187;solid&#187; _builder_version=&#187;3.7&#8243;]<\/p>\n<p><strong>USO DE COOKIES y FICHERO DE ACTIVIDAD.<\/strong>Este sitio web \u00a0utiliza cookies cuando un usuario navega por sus p\u00e1ginas. Las cookies son ficheros enviados a un navegador por medio de un servidor web para registrar las actividades del usuario en el sitio web y permitirle una navegaci\u00f3n m\u00e1s fluida y personalizada. El usuario tiene la posibilidad de configurar su navegador para impedir la entrada de \u00e9stas, bloquearlas o, en su caso, eliminarlas.<\/p>\n<p>De igual manera, los servidores web del sitio web \u00a0detectan de manera autom\u00e1tica la direcci\u00f3n IP y el nombre de la red utilizados por el usuario. Toda esta informaci\u00f3n es registrada en un fichero de actividad del servidor que permite el posterior procesamiento de los datos con el fin de obtener mediciones estad\u00edsticas que permitan conocer el n\u00famero de impresiones de p\u00e1ginas, el n\u00famero de visitas realizadas a los servicios web, etc.<\/p>\n<p><strong>\u00bfQu\u00e9 es una cookie?<\/strong><\/p>\n<p>Una cookie es un fichero que se descarga en el equipo (ordenador\/smartphone\/tablet) del usuario al acceder a determinadas p\u00e1ginas web para almacenar y recuperar informaci\u00f3n sobre la navegaci\u00f3n que se efect\u00faa desde dicho equipo.<\/p>\n<p><strong>Cookies utilizadas en este sitio web<\/strong><\/p>\n<p>Siguiendo las directrices de la Agencia Espa\u00f1ola de Protecci\u00f3n de Datos procedemos a detallar el uso de\u00a0<em>cookies<\/em>\u00a0que hace esta web con el fin de informarle con la m\u00e1xima exactitud posible.<\/p>\n<p>Este sitio web almacena dos tipos de cookies:<\/p>\n<ul>\n<li><strong>Cookies de sesi\u00f3n<\/strong>: Son cookies temporales que solo existen hasta que cierras el navegador que est\u00e1s usando para acceder a la web.<\/li>\n<li><strong>Cookies duraderas<\/strong>: Estas son cookies que permanecen en tu archivo de cookies despu\u00e9s de que hayas visitado nuestra web. Estas cookies nos ayudan a identificarte cuando vuelves a nuestra web.<\/li>\n<\/ul>\n<p>Las cookies que se instalan al navegar por este sitio web son:<\/p>\n<ul>\n<li><strong>wc_session_cookie_<em>xxx.\u00a0<\/em><\/strong>Cookies de sesi\u00f3n.\u00a0El par\u00e1metro\u00a0<em>xxx<\/em>\u00a0es una combinaci\u00f3n de n\u00fameros y letras que registran la sesi\u00f3n.<\/li>\n<li><strong>PHPSESSID.<\/strong>\u00a0Cookies de sesi\u00f3n.\u00a0Se instala tanto como cookie de crearpaginaeweb.com como de terceros que se anuncian en esta plataforma.\u00a0Esta cookie es usado por el lenguaje de encriptado PHP para permitir que las variables de SESI\u00d3N sean guardadas en el servidor web. Esta cookies es esencial para el funcionamiento de la web.<\/li>\n<li><strong>_utma, _utmb,\u00a0_ubmc, _utmz<\/strong>.\u00a0Cookies duraderas.\u00a0Estas cookies son establecidas por Google Analytics para rastrear el uso de la web. Estas cookies no se establecen si desconecta cookies para esta web.<\/li>\n<li><strong>s3fs<\/strong>. Cookies duraderas. Se establecen para recoger los datos de Amazon S3, donde hay almacenado contenido que se muestra en este sitio web.\u00a0Estas cookies no se establecen si desconecta cookies para esta web.<\/li>\n<li><strong>kpg_stop_spammers_time<\/strong>. Cookie de sesi\u00f3n. Se instala por el plugin \u201cStop Spammers\u201d para evitar el registro de usuarios y el env\u00edo de comentarios de modo spam.\u00a0Esta cookies es esencial para el funcionamiento de la web.<\/li>\n<li><strong>viewed_cookie_policy<\/strong>. Cookie duradera. Se instala con el plugin \u201cCookie Law Info\u201d una vez aceptas la pol\u00edtica de cookies.\u00a0Estas cookies no se establecen si desconecta cookies para esta web.<\/li>\n<\/ul>\n<p><strong>Cookies establecidas por terceras partes<\/strong><\/p>\n<p>Este sitio web utiliza las siguientes\u00a0<strong>cookies propias y cookies de terceros.<\/strong>\u00a0\u00a0El contenido de esta web se actualiza regularmente y podr\u00edamos integrar contenido de otras webs como:<\/p>\n<ul>\n<li>YouTube<\/li>\n<li>Vimeo<\/li>\n<li>Flickr<\/li>\n<li>Google Maps<\/li>\n<li>Twitter<\/li>\n<li>Facebook<\/li>\n<li>Euroads<\/li>\n<li>Mailchimp<\/li>\n<\/ul>\n<p>Cuando visita una p\u00e1gina con contenido integrado desde alguno de estos servicios puedes exponerse a cookies de estas web. La web, los propietarios de la web y los desarrolladores de la web y el software no controlan la diseminaci\u00f3n de esas cookies. Para m\u00e1s informaci\u00f3n sobre estas cookies debes ver las webs de esas terceras partes.<\/p>\n<p>Google almacena esta informaci\u00f3n recogida por las\u00a0cookies\u00a0de manera que no se identifica a ning\u00fan usuario. Tampoco se asocia su direcci\u00f3n de IP con cualquier otra informaci\u00f3n de la que disponga. Adem\u00e1s, Google Inc es una empresa que se encuentra adherida al Acuerdo de Puerto Seguro. Dicho acuerdo garantiza que los datos transferidos ser\u00e1n tratados conforme a los niveles de protecci\u00f3n de la normativa europea. Para obtener m\u00e1s informaci\u00f3n acerca de\u00a0Google Analytics\u00a0puede dirigirse\u00a0al\u00a0<a href=\"https:\/\/developers.google.com\/analytics\/devguides\/collection\/analyticsjs\/cookie-usage?hl=es-ES\" target=\"_blank\" rel=\"noopener noreferrer\"><strong>siguiente enlace<\/strong>.<\/a><\/p>\n<h3>\u00bfC\u00d3MO PUEDES CONFIGURAR O DESHABILITAR TUS COOKIES?<\/h3>\n<p>Puedes permitir, bloquear o eliminar las cookies instaladas en su equipo mediante la configuraci\u00f3n de las opciones de tu navegador de Internet. En caso de que no permitas la instalaci\u00f3n de cookies en tu navegador es posible que no puedas acceder a algunos de los servicios y que tu experiencia en nuestra web pueda resultar menos satisfactoria.En los siguientes enlaces tienes a tu disposici\u00f3n toda la informaci\u00f3n para configurar o deshabilitar tus cookies en cada navegador:<\/p>\n<ul>\n<li><a href=\"https:\/\/support.google.com\/chrome\/answer\/95647?hl=es\" target=\"_blank\" rel=\"noopener noreferrer\">Google Chrome<\/a><\/li>\n<li><a href=\"https:\/\/support.mozilla.org\/es\/kb\/habilitar-y-deshabilitar-cookies-que-los-sitios-we\" target=\"_blank\" rel=\"noopener noreferrer\">Mozilla Firefox<\/a><\/li>\n<li><a href=\"http:\/\/windows.microsoft.com\/es-es\/windows-vista\/block-or-allow-cookies\" target=\"_blank\" rel=\"noopener noreferrer\">Internet Explorer<\/a><\/li>\n<li><a href=\"http:\/\/support.apple.com\/kb\/ph5042?viewlocale=es_es\" target=\"_blank\" rel=\"noopener noreferrer\">Safari<\/a><\/li>\n<li><a href=\"http:\/\/support.apple.com\/kb\/ht1677?viewlocale=es_es\" target=\"_blank\" rel=\"noopener noreferrer\">Safari para IOS (iPhone y iPad)<\/a><\/li>\n<li><a href=\"https:\/\/support.google.com\/chrome\/answer\/2392971?hl=es\" target=\"_blank\" rel=\"noopener noreferrer\">Chrome para Android<\/a><\/li>\n<\/ul>\n<h3>CONSENTIMIENTO<\/h3>\n<p>En <strong>Alesina Law<\/strong> nunca guardamos los datos personales de nuestros usuarios, a excepci\u00f3n de la direcci\u00f3n IP de acuerdo a lo descrito anteriormente, salvo que quieras registrarte, de forma voluntaria con el fin de realizar compras de los productos y servicios que ponemos a tu disposici\u00f3n o de recibir informaci\u00f3n sobre promociones y contenidos de tu inter\u00e9s.<\/p>\n<p>Al navegar y continuar en nuestra web nos indicas que est\u00e1s consintiendo el uso de las cookies antes enunciadas, y en las condiciones contenidas en la presente Pol\u00edtica de Cookies.<\/p>\n<p>[\/et_pb_text][\/et_pb_column][\/et_pb_row][\/et_pb_section]<\/p>\n","protected":false},"excerpt":{"rendered":"<p>COOKIES USO DE COOKIES y FICHERO DE ACTIVIDAD.Este sitio web \u00a0utiliza cookies cuando un usuario navega por sus p\u00e1ginas. Las cookies son ficheros enviados a un navegador por medio de un servidor web para registrar las actividades del usuario en el sitio web y permitirle una navegaci\u00f3n m\u00e1s fluida y personalizada. El usuario tiene la [&hellip;]<\/p>\n","protected":false},"author":1,"featured_media":0,"parent":0,"menu_order":0,"comment_status":"closed","ping_status":"closed","template":"","meta":{"_et_pb_use_builder":"on","_et_pb_old_content":"","_et_gb_content_width":"","footnotes":""},"class_list":["post-1761","page","type-page","status-publish","hentry"],"aioseo_notices":[],"_links":{"self":[{"href":"https:\/\/alesinalaw.com\/ru\/wp-json\/wp\/v2\/pages\/1761","targetHints":{"allow":["GET"]}}],"collection":[{"href":"https:\/\/alesinalaw.com\/ru\/wp-json\/wp\/v2\/pages"}],"about":[{"href":"https:\/\/alesinalaw.com\/ru\/wp-json\/wp\/v2\/types\/page"}],"author":[{"embeddable":true,"href":"https:\/\/alesinalaw.com\/ru\/wp-json\/wp\/v2\/users\/1"}],"replies":[{"embeddable":true,"href":"https:\/\/alesinalaw.com\/ru\/wp-json\/wp\/v2\/comments?post=1761"}],"version-history":[{"count":0,"href":"https:\/\/alesinalaw.com\/ru\/wp-json\/wp\/v2\/pages\/1761\/revisions"}],"wp:attachment":[{"href":"https:\/\/alesinalaw.com\/ru\/wp-json\/wp\/v2\/media?parent=1761"}],"curies":[{"name":"wp","href":"https:\/\/api.w.org\/{rel}","templated":true}]}}